{"id":99,"date":"2025-02-06T18:18:34","date_gmt":"2025-02-06T21:18:34","guid":{"rendered":"https:\/\/orquidealucinada.net\/cp\/?page_id=99"},"modified":"2025-02-06T19:07:02","modified_gmt":"2025-02-06T22:07:02","slug":"dhb","status":"publish","type":"page","link":"https:\/\/orquidealucinada.net\/cp\/dhb\/","title":{"rendered":"DHB"},"content":{"rendered":"<p><strong><img decoding=\"async\" loading=\"lazy\" class=\"alignleft size-full wp-image-108\" src=\"https:\/\/orquidealucinada.net\/cp\/wp-content\/uploads\/2025\/02\/yo200.png\" alt=\"\" width=\"200\" height=\"200\" srcset=\"https:\/\/orquidealucinada.net\/cp\/wp-content\/uploads\/2025\/02\/yo200.png 200w, https:\/\/orquidealucinada.net\/cp\/wp-content\/uploads\/2025\/02\/yo200-150x150.png 150w\" sizes=\"(max-width: 200px) 100vw, 200px\">Daniel Horacio Braga<\/strong><\/p>\n<p style=\"text-align: justify;\">Nac\u00ed el d\u00eda de mi cumplea\u00f1os, pero era tan peque\u00f1o que no lo recuerdo. Seg\u00fan dicen fue un 18 de febrero de 1959, a las diez de la ma\u00f1ana de un d\u00eda tormentoso.<\/p>\n<p style=\"text-align: justify;\">Vaya uno a saber si es cierto.<\/p>\n<p style=\"text-align: justify;\">Los primeros aberrantes versos los escrib\u00ed alrededor de mis 11 a\u00f1os y por suerte no quedan rastros de eso. A los 12 o 13 escrib\u00ed algo m\u00e1s rescatable, pero eso tambi\u00e9n se perdi\u00f3, junto con lo que escrib\u00ed hasta los 23, m\u00e1s o menos. Aunque nunca escrib\u00ed demasiado a\u00fan tengo muuuuchas p\u00e1ginas para incinerar.<\/p>\n<p style=\"text-align: justify;\">He vivido en varios puntos del pa\u00eds, en la zona denominada Llanura Pampeana y realic\u00e9 las tareas m\u00e1s dispares (hasta trabaj\u00e9 con un loco que se fabric\u00f3 un avi\u00f3n desde cero, maderita por maderita &#8211; y vol\u00f3-).<\/p>\n<p style=\"text-align: justify;\">Tengo dos hijas y tres nietas<\/p>\n<p style=\"text-align: justify;\">A veces escribo, aunque no soy redactor, pol\u00edtico, fil\u00f3sofo ni poeta. Soy un chab\u00f3n com\u00fan, un laburante que de vez en cuando escribe, con mayor o menor fortuna.<\/p>\n<p><a href=\"https:\/\/orquidealucinada.net\" target=\"_blank\" rel=\"noopener\">Ac\u00e1 pod\u00e9s encontrar otros menjunjes&#8230;<\/a><\/p>\n","protected":false},"excerpt":{"rendered":"<p>Daniel Horacio Braga Nac\u00ed el d\u00eda de mi cumplea\u00f1os, pero era tan peque\u00f1o que no lo recuerdo. Seg\u00fan dicen fue un 18 de febrero de [&hellip;]<\/p>\n","protected":false},"author":1,"featured_media":0,"parent":0,"menu_order":0,"comment_status":"closed","ping_status":"closed","template":"","meta":[],"_links":{"self":[{"href":"https:\/\/orquidealucinada.net\/cp\/wp-json\/wp\/v2\/pages\/99"}],"collection":[{"href":"https:\/\/orquidealucinada.net\/cp\/wp-json\/wp\/v2\/pages"}],"about":[{"href":"https:\/\/orquidealucinada.net\/cp\/wp-json\/wp\/v2\/types\/page"}],"author":[{"embeddable":true,"href":"https:\/\/orquidealucinada.net\/cp\/wp-json\/wp\/v2\/users\/1"}],"replies":[{"embeddable":true,"href":"https:\/\/orquidealucinada.net\/cp\/wp-json\/wp\/v2\/comments?post=99"}],"version-history":[{"count":8,"href":"https:\/\/orquidealucinada.net\/cp\/wp-json\/wp\/v2\/pages\/99\/revisions"}],"predecessor-version":[{"id":111,"href":"https:\/\/orquidealucinada.net\/cp\/wp-json\/wp\/v2\/pages\/99\/revisions\/111"}],"wp:attachment":[{"href":"https:\/\/orquidealucinada.net\/cp\/wp-json\/wp\/v2\/media?parent=99"}],"curies":[{"name":"wp","href":"https:\/\/api.w.org\/{rel}","templated":true}]}}